{"id":3085,"date":"2023-05-06T22:52:42","date_gmt":"2023-05-07T02:52:42","guid":{"rendered":"https:\/?page_id=3085"},"modified":"2023-05-06T22:52:46","modified_gmt":"2023-05-07T02:52:46","slug":"ma-fin-de-semaine-au-college-royal-franch","status":"publish","type":"page","link":"https:\/\/gcccg.ca\/en\/ma-fin-de-semaine-au-college-royal-franch\/","title":{"rendered":"Ma fin de semaine au Coll\u00e8ge Royal (Franch)"},"content":{"rendered":"<p>Ma fin de semaine au Coll\u00e8ge Royal<\/p>\n<p>Iris Peng<\/p>\n<p>Pendant la fin de semaine de College Royal, je suis all\u00e9e \u00e0 l&#8217;Universit\u00e9 de Guelph. 2023 est le 99 ans pour College Royal. Chaque ann\u00e9e, College Royal reste seulement pour deux jours: un samedi et un dimanche. Il y a beaucoup de choses a faire au College Royal et il y a plusieurs choses pour les personnes avec des int\u00e9r\u00eats diff\u00e9rents. College Royal \u00e9tait amusant mais moi et ma famille sommes juste all\u00e9s pour un de ces deux jours mais je vais te parler d\u2019un peu des choses qu\u2019on a faites.<br \/>\nEn premier on est all\u00e9 chercher une carte du campus de l\u2019Universit\u00e9 et on a commenc\u00e9 notre aventure au College Royal. En premier on est all\u00e9 au 031 (Alexander Hall) pour Wild Ontario. Wild Ontario est une organisation qui aime les diff\u00e9rents types de rapaces. On a regard\u00e9 la pr\u00e9sentation par Wild Ontario de 12h00 ou on a vu Apollo le cr\u00e9cerelle d\u2019Am\u00e9rique qui pense qu&#8217;il est une humain et Indiana le faucon \u00e0 queue rouge. Mais tous les rapaces qui \u00e9taient avec Wild Ontario \u00e9taient tous dans un accident qui a bless\u00e9 (comme Indiana) ou \u00e9tait emprunt\u00e9 par un humain (comme Apollo). Les personnel dans Wild Ontario pense que quand Apollo \u00e9tait petit, une \u00eatre humain a pens\u00e9 qu&#8217;Apollo \u00e9tait un bon animal de compagnie alors \u00e7a c\u2019est pourquoi Apollo pense qu\u2019il est humain. Indiana est arriv\u00e9 au Wild Ontario, quand il \u00e9tait bless\u00e9 par quelque chose. C&#8217;est pourquoi vous devez prot\u00e9ger les animaux. Apr\u00e8s, on est all\u00e9 au 073 (MacNaughton Building) pour voir le Physics and Astronomy Club et on a regard\u00e9 les d\u00e9monstrations pour les yeux et la lumi\u00e8re. Et parce que 073 est connect\u00e9 avec 140 (Summerlee Science Complex), on est all\u00e9 visiter le Nanoscience Club pour regarder le supraconducteur. Apparemment les scientifiques veulent trouver une fa\u00e7on d\u2019utiliser les supraconducteurs comme transportation, ou quelque chose. Ils veulent trouver une fa\u00e7on de cr\u00e9er un supraconducteur m\u00eame si ce n\u2019est pas moins deux cent quelque chose degr\u00e9 Celsius. Et puis apr\u00e8s \u00e7a on est all\u00e9 au Wildlife Club pour regarder les diff\u00e9rents types d\u2019animaux. Les animaux qui n&#8217;ont pas mort que j\u2019ai vu au Wildlife Club sont les serpents, les araign\u00e9es, les tortues et plusieurs d&#8217;autres que je ne vais pas mentionner. Mais je n\u2019ai pas juste regard\u00e9 les animaux. J\u2019ai tenu six serpents et une araign\u00e9e. Apr\u00e8s \u00e7a on est all\u00e9 retourner chez nous.<br \/>\nLa fin de semaine du Coll\u00e8ge Royal \u00e9tait tellement amusante et on a appris les faits \u00e0 propos des diff\u00e9rents animaux et les faits \u00e0 propos des supraconducteurs. Mais \u00e7a c\u2019est tout ce que je vais \u00e9crire \u00e0 propos de ma fin de semaine au College Royal. Vous ne savez pas les autres choses .<\/p>\n<p>2023.04.05<\/p>","protected":false},"excerpt":{"rendered":"<p>Ma fin de semaine au Coll\u00e8ge Royal Iris Peng &#46;&#46;&#46;<\/p>","protected":false},"author":1,"featured_media":0,"parent":0,"menu_order":0,"comment_status":"closed","ping_status":"closed","template":"","meta":{"footnotes":""},"class_list":["post-3085","page","type-page","status-publish","hentry"],"_links":{"self":[{"href":"https:\/\/gcccg.ca\/en\/wp-json\/wp\/v2\/pages\/3085","targetHints":{"allow":["GET"]}}],"collection":[{"href":"https:\/\/gcccg.ca\/en\/wp-json\/wp\/v2\/pages"}],"about":[{"href":"https:\/\/gcccg.ca\/en\/wp-json\/wp\/v2\/types\/page"}],"author":[{"embeddable":true,"href":"https:\/\/gcccg.ca\/en\/wp-json\/wp\/v2\/users\/1"}],"replies":[{"embeddable":true,"href":"https:\/\/gcccg.ca\/en\/wp-json\/wp\/v2\/comments?post=3085"}],"version-history":[{"count":1,"href":"https:\/\/gcccg.ca\/en\/wp-json\/wp\/v2\/pages\/3085\/revisions"}],"predecessor-version":[{"id":3086,"href":"https:\/\/gcccg.ca\/en\/wp-json\/wp\/v2\/pages\/3085\/revisions\/3086"}],"wp:attachment":[{"href":"https:\/\/gcccg.ca\/en\/wp-json\/wp\/v2\/media?parent=3085"}],"curies":[{"name":"wp","href":"https:\/\/api.w.org\/{rel}","templated":true}]}}