{"id":3087,"date":"2023-05-06T22:54:19","date_gmt":"2023-05-07T02:54:19","guid":{"rendered":"https:\/?page_id=3087"},"modified":"2023-05-06T23:11:49","modified_gmt":"2023-05-07T03:11:49","slug":"march-break-franch","status":"publish","type":"page","link":"https:\/\/gcccg.ca\/en\/march-break-franch\/","title":{"rendered":"March Break (Franch)"},"content":{"rendered":"<p>Le Couloir de Corbet \u00e0 Jackson Hole, Wyoming, est la piste de ski la plus difficile d&#8217;Am\u00e9rique du Nord accessible par une t\u00e9l\u00e9cabine. Il a toujours \u00e9t\u00e9 recommand\u00e9 aux skieurs experts uniquement en raison de sa forme \u00e9troite et raide. Pendant les vacances de mars, j&#8217;ai descendu la fameuse piste, ce qui a \u00e9t\u00e9 un grand accomplissement. Ici, je vais parler de mes exp\u00e9riences lors de la descente. Chaque hiver, \u00e0 Jackson, il y a un \u00e9v\u00e9nement appel\u00e9 &#8220;Kings &amp; Queens of Corbet&#8217;s&#8221;. Il s&#8217;agit d&#8217;une comp\u00e9tition o\u00f9 des skieurs et snowboardeurs descendent le couloir avec leur propre style. Ils pr\u00e9sentent des man\u0153uvres et des sauts \u00e9tonnants, si impressionnants qu&#8217;ils semblent impossibles \u00e0 ex\u00e9cuter. Par contre, j&#8217;ai descendu la piste d&#8217;une mani\u00e8re tr\u00e8s diff\u00e9rente. Pendant les vacances de mars, j&#8217;\u00e9tais avec ma s\u0153ur, mon beau-fr\u00e8re et ma m\u00e8re. Chaque jour o\u00f9 nous sommes all\u00e9s skier, il neigeait beaucoup, ce qui nous a permis de b\u00e9n\u00e9ficier de conditions id\u00e9ales. Bien s\u00fbr, cela nous a permis d&#8217;am\u00e9liorer notre exp\u00e9rience du couloir. Lorsque nous sommes arriv\u00e9s au sommet du couloir, comme toujours, il y avait beaucoup de monde dans la file d&#8217;attente pour le descendre. Au d\u00e9but, il semblait effrayant, mais plus je regardais les gens descendre et plus je voyais les tactiques qu&#8217;ils utilisaient, plus j&#8217;avais une id\u00e9e de ce qu&#8217;il fallait faire. Ma s\u0153ur a descendu le couloir en premier et j&#8217;ai d\u00e9cid\u00e9 de le suivre. Lorsque j&#8217;ai pos\u00e9 le pied sur la premi\u00e8re partie, j&#8217;ai su qu&#8217;il n&#8217;y avait pas moyen de faire marche arri\u00e8re. Malgr\u00e9 toute la neige que nous recevions, la piste \u00e9tait glac\u00e9e \u00e0 cause du nombre de skieurs qui la parcouraient. J&#8217;ai descendu la partie la plus raide en me d\u00e9pla\u00e7ant lentement et en m&#8217;asseyant sur mes fesses pour me soutenir. J&#8217;ai eu l&#8217;impression de passer une heure avant d&#8217;atteindre la partie la plus difficile, mais ce n&#8217;\u00e9tait qu&#8217;une minute. Ensuite, il y a eu un virage<br \/>\ntr\u00e8s serr\u00e9 que j&#8217;ai d\u00fb faire pour atteindre la piste qui m\u00e8ne au fond. J&#8217;ai saut\u00e9 et tourn\u00e9 mon corps, ce qui m&#8217;a fait descendre sans pouvoir m&#8217;arr\u00eater. Finalement, j&#8217;ai repris le contr\u00f4le de mon corps et j&#8217;ai pu rejoindre ma s\u0153ur qui \u00e9tait pr\u00e8s du fond. Si vous me regardiez descendre le couloir par rapport aux Kings &amp; Queens, vous verriez la diff\u00e9rence \u00e9norme. C&#8217;\u00e9tait quand m\u00eame un grand succ\u00e8s de descendre jusqu&#8217;au bout, m\u00eame si ce n&#8217;\u00e9tait pas tr\u00e8s spectaculaire. J&#8217;esp\u00e8re qu&#8217;un jour, je pourrai m&#8217;entra\u00eener au point de ressembler \u00e0 une Queen of Corbet\u2019s.<\/p>","protected":false},"excerpt":{"rendered":"<p>Le Couloir de Corbet \u00e0 Jackson Hole, Wyoming,&#46;&#46;&#46;<\/p>","protected":false},"author":1,"featured_media":0,"parent":0,"menu_order":0,"comment_status":"closed","ping_status":"closed","template":"","meta":{"footnotes":""},"class_list":["post-3087","page","type-page","status-publish","hentry"],"_links":{"self":[{"href":"https:\/\/gcccg.ca\/en\/wp-json\/wp\/v2\/pages\/3087","targetHints":{"allow":["GET"]}}],"collection":[{"href":"https:\/\/gcccg.ca\/en\/wp-json\/wp\/v2\/pages"}],"about":[{"href":"https:\/\/gcccg.ca\/en\/wp-json\/wp\/v2\/types\/page"}],"author":[{"embeddable":true,"href":"https:\/\/gcccg.ca\/en\/wp-json\/wp\/v2\/users\/1"}],"replies":[{"embeddable":true,"href":"https:\/\/gcccg.ca\/en\/wp-json\/wp\/v2\/comments?post=3087"}],"version-history":[{"count":4,"href":"https:\/\/gcccg.ca\/en\/wp-json\/wp\/v2\/pages\/3087\/revisions"}],"predecessor-version":[{"id":3161,"href":"https:\/\/gcccg.ca\/en\/wp-json\/wp\/v2\/pages\/3087\/revisions\/3161"}],"wp:attachment":[{"href":"https:\/\/gcccg.ca\/en\/wp-json\/wp\/v2\/media?parent=3087"}],"curies":[{"name":"wp","href":"https:\/\/api.w.org\/{rel}","templated":true}]}}